{"id":541,"date":"2026-03-26T13:05:47","date_gmt":"2026-03-26T12:05:47","guid":{"rendered":"https:\/\/agzcoaching.fr\/leshalles\/?page_id=541"},"modified":"2026-03-27T09:33:48","modified_gmt":"2026-03-27T08:33:48","slug":"conditions-generales-dutilisation","status":"publish","type":"page","link":"https:\/\/agzcoaching.fr\/leshalles\/conditions-generales-dutilisation\/","title":{"rendered":"Conditions g\u00e9n\u00e9rales d&rsquo;utilisation"},"content":{"rendered":"\t\t<div data-elementor-type=\"wp-page\" data-elementor-id=\"541\" class=\"elementor elementor-541\" data-elementor-post-type=\"page\">\n\t\t\t\t<div class=\"elementor-element elementor-element-2cd07e81 elementor-hidden-desktop elementor-hidden-tablet elementor-hidden-mobile e-flex e-con-boxed e-con e-parent\" data-id=\"2cd07e81\" data-element_type=\"container\" data-e-type=\"container\" data-settings=\"{&quot;ekit_has_onepagescroll_dot&quot;:&quot;yes&quot;}\">\n\t\t\t\t\t<div class=\"e-con-inner\">\n\t\t\t\t<div class=\"elementor-element elementor-element-5dfb7865 elementor-widget elementor-widget-breadcrumbs\" data-id=\"5dfb7865\" data-element_type=\"widget\" data-e-type=\"widget\" data-settings=\"{&quot;ekit_we_effect_on&quot;:&quot;none&quot;}\" data-widget_type=\"breadcrumbs.default\">\n\t\t\t\t<div class=\"elementor-widget-container\">\n\t\t\t\t\t<nav aria-label=\"breadcrumbs\" class=\"rank-math-breadcrumb\"><p><span class=\"last\">Accueil<\/span><\/p><\/nav>\t\t\t\t<\/div>\n\t\t\t\t<\/div>\n\t\t\t\t\t<\/div>\n\t\t\t\t<\/div>\n\t\t<div class=\"elementor-element elementor-element-6b00d298 e-flex e-con-boxed e-con e-parent\" data-id=\"6b00d298\" data-element_type=\"container\" data-e-type=\"container\" data-settings=\"{&quot;background_background&quot;:&quot;classic&quot;,&quot;ekit_has_onepagescroll_dot&quot;:&quot;yes&quot;}\">\n\t\t\t\t\t<div class=\"e-con-inner\">\n\t\t<div class=\"elementor-element elementor-element-2eed0d18 e-flex e-con-boxed e-con e-child\" data-id=\"2eed0d18\" data-element_type=\"container\" data-e-type=\"container\" data-settings=\"{&quot;ekit_has_onepagescroll_dot&quot;:&quot;yes&quot;}\">\n\t\t\t\t\t<div class=\"e-con-inner\">\n\t\t<div class=\"elementor-element elementor-element-6edbcb07 e-con-full e-flex e-con e-child\" data-id=\"6edbcb07\" data-element_type=\"container\" data-e-type=\"container\" data-settings=\"{&quot;ekit_has_onepagescroll_dot&quot;:&quot;yes&quot;}\">\n\t\t\t\t<div class=\"elementor-element elementor-element-290ca7c1 elementor-widget elementor-widget-heading\" data-id=\"290ca7c1\" data-element_type=\"widget\" data-e-type=\"widget\" data-settings=\"{&quot;ekit_we_effect_on&quot;:&quot;none&quot;}\" data-widget_type=\"heading.default\">\n\t\t\t\t\t<h2 class=\"elementor-heading-title elementor-size-default\"><a href=\"https:\/\/entreprendre.service-public.gouv.fr\/vosdroits\/F33527?profil=tout\" target=\"_blank\" rel=\"noopener\">Conditions G\u00e9n\u00e9rales d'utilisation<\/a><\/h2>\t\t\t\t<\/div>\n\t\t\t\t<div class=\"elementor-element elementor-element-32b6fa32 elementor-widget elementor-widget-elementskit-fancy-animated-text\" data-id=\"32b6fa32\" data-element_type=\"widget\" data-e-type=\"widget\" data-settings=\"{&quot;ekit_we_effect_on&quot;:&quot;none&quot;}\" data-widget_type=\"elementskit-fancy-animated-text.default\">\n\t\t\t\t<div class=\"elementor-widget-container\">\n\t\t\t\t\t<div class=\"ekit-wid-con\" >            <h2 class=\"ekit-fancy-text clip is-full-width\" data-id=\"32b6fa32\" data-animation-settings=\"{&quot;animationStyle&quot;:&quot;animated&quot;,&quot;animationDelay&quot;:2500,&quot;loadingBar&quot;:3800,&quot;lettersDelay&quot;:50,&quot;typeLettersDelay&quot;:150,&quot;duration&quot;:500,&quot;revealDuration&quot;:2400,&quot;revealAnimationDelay&quot;:3000}\">\n                \t\t\t<span class=\"ekit-fancy-prefix-text\">\n\t\t\t\tNous avons tous le droit\t\t\t<\/span>\n\t\t\t\t\t\t<span class=\"ekit-fancy-text-lists \">\n\t\t\t\t\t\t\t\t\t\t<b class=\"ekit-fancy-text elementor-repeater-item-746d0ba is-visible\">\u00e0 une compr\u00e9hension<\/b>\n\t\t\t\t\t\t\t\t\t<\/span>\n\t\t\t            <span class=\"ekit-fancy-suffix-text\">claire<\/span>\n                    <\/h2>\n        <\/div>\t\t\t\t<\/div>\n\t\t\t\t<\/div>\n\t\t\t\t<div class=\"elementor-element elementor-element-3c5f50f3 elementor-widget elementor-widget-heading\" data-id=\"3c5f50f3\" data-element_type=\"widget\" data-e-type=\"widget\" data-settings=\"{&quot;ekit_we_effect_on&quot;:&quot;none&quot;}\" data-widget_type=\"heading.default\">\n\t\t\t\t\t<div class=\"elementor-heading-title elementor-size-default\">Chez AGZ Coaching, je valorise la clart\u00e9 et la compr\u00e9hension mutuelle. Ces conditions g\u00e9n\u00e9rales d'utilisation d\u00e9finit nos engagements, assurant une collaboration transparente et respectueuse, essentielle \u00e0 votre d\u00e9veloppement personnel.<\/div>\t\t\t\t<\/div>\n\t\t\t\t<div class=\"elementor-element elementor-element-de4af9d elementor-align-center elementor-widget elementor-widget-button\" data-id=\"de4af9d\" data-element_type=\"widget\" data-e-type=\"widget\" data-settings=\"{&quot;ekit_we_effect_on&quot;:&quot;none&quot;}\" data-widget_type=\"button.default\">\n\t\t\t\t\t\t\t\t\t\t<a class=\"elementor-button elementor-size-lg\" role=\"button\">\n\t\t\t\t\t\t<span class=\"elementor-button-content-wrapper\">\n\t\t\t\t\t\t\t\t\t<span class=\"elementor-button-text\">R\u00e9server votre appel diagnostic gratuit<\/span>\n\t\t\t\t\t<\/span>\n\t\t\t\t\t<\/a>\n\t\t\t\t\t\t\t\t<\/div>\n\t\t\t\t<\/div>\n\t\t<div data-dce-background-image-url=\"https:\/\/agzcoaching.fr\/leshalles\/wp-content\/uploads\/sites\/8\/2026\/03\/Conditions-generales-dutilisation-AGZ-Coaching-Antibes.png\" class=\"elementor-element elementor-element-47e21cb8 e-con-full e-flex e-con e-child\" data-id=\"47e21cb8\" data-element_type=\"container\" data-e-type=\"container\" data-settings=\"{&quot;background_background&quot;:&quot;classic&quot;,&quot;ekit_has_onepagescroll_dot&quot;:&quot;yes&quot;}\">\n\t\t\t\t<div class=\"elementor-element elementor-element-4b6505e0 elementor-widget elementor-widget-spacer\" data-id=\"4b6505e0\" data-element_type=\"widget\" data-e-type=\"widget\" data-settings=\"{&quot;ekit_we_effect_on&quot;:&quot;none&quot;}\" data-widget_type=\"spacer.default\">\n\t\t\t\t\t\t\t<div class=\"elementor-spacer\">\n\t\t\t<div class=\"elementor-spacer-inner\"><\/div>\n\t\t<\/div>\n\t\t\t\t\t\t<\/div>\n\t\t\t\t<\/div>\n\t\t\t\t\t<\/div>\n\t\t\t\t<\/div>\n\t\t\t\t\t<\/div>\n\t\t\t\t<\/div>\n\t\t<div class=\"elementor-element elementor-element-6b72e1f8 e-flex e-con-boxed e-con e-parent\" data-id=\"6b72e1f8\" data-element_type=\"container\" data-e-type=\"container\" data-settings=\"{&quot;background_background&quot;:&quot;classic&quot;,&quot;ekit_has_onepagescroll_dot&quot;:&quot;yes&quot;}\">\n\t\t\t\t\t<div class=\"e-con-inner\">\n\t\t<div class=\"elementor-element elementor-element-73eb3b82 e-flex e-con-boxed e-con e-child\" data-id=\"73eb3b82\" data-element_type=\"container\" data-e-type=\"container\" data-settings=\"{&quot;ekit_has_onepagescroll_dot&quot;:&quot;yes&quot;}\">\n\t\t\t\t\t<div class=\"e-con-inner\">\n\t\t<div class=\"elementor-element elementor-element-2f71c9dd e-con-full e-flex e-con e-child\" data-id=\"2f71c9dd\" data-element_type=\"container\" data-e-type=\"container\" data-settings=\"{&quot;ekit_has_onepagescroll_dot&quot;:&quot;yes&quot;}\">\n\t\t\t\t<div class=\"elementor-element elementor-element-76116f19 elementor-widget elementor-widget-heading\" data-id=\"76116f19\" data-element_type=\"widget\" data-e-type=\"widget\" data-settings=\"{&quot;ekit_we_effect_on&quot;:&quot;none&quot;}\" data-widget_type=\"heading.default\">\n\t\t\t\t\t<h2 class=\"elementor-heading-title elementor-size-default\">Navigation<\/h2>\t\t\t\t<\/div>\n\t\t\t\t<div class=\"elementor-element elementor-element-e67fd28 elementor-nav-menu--dropdown-none elementor-widget elementor-widget-nav-menu\" data-id=\"e67fd28\" data-element_type=\"widget\" data-e-type=\"widget\" data-settings=\"{&quot;layout&quot;:&quot;vertical&quot;,&quot;submenu_icon&quot;:{&quot;value&quot;:&quot;&lt;svg aria-hidden=\\&quot;true\\&quot; class=\\&quot;e-font-icon-svg e-fas-caret-down\\&quot; viewBox=\\&quot;0 0 320 512\\&quot; xmlns=\\&quot;http:\\\/\\\/www.w3.org\\\/2000\\\/svg\\&quot;&gt;&lt;path d=\\&quot;M31.3 192h257.3c17.8 0 26.7 21.5 14.1 34.1L174.1 354.8c-7.8 7.8-20.5 7.8-28.3 0L17.2 226.1C4.6 213.5 13.5 192 31.3 192z\\&quot;&gt;&lt;\\\/path&gt;&lt;\\\/svg&gt;&quot;,&quot;library&quot;:&quot;fa-solid&quot;},&quot;ekit_we_effect_on&quot;:&quot;none&quot;}\" data-widget_type=\"nav-menu.default\">\n\t\t\t\t\t\t\t\t<nav aria-label=\"Menu\" class=\"elementor-nav-menu--main elementor-nav-menu__container elementor-nav-menu--layout-vertical e--pointer-none\">\n\t\t\t\t<ul id=\"menu-1-e67fd28\" class=\"elementor-nav-menu sm-vertical\"><li class=\"menu-item menu-item-type-post_type menu-item-object-page menu-item-692\"><a href=\"https:\/\/agzcoaching.fr\/leshalles\/conditions-generales-dutilisation\/\" class=\"elementor-item\">Conditions g\u00e9n\u00e9rales d&rsquo;utilisation<\/a><\/li>\n<li class=\"menu-item menu-item-type-post_type menu-item-object-page menu-item-553\"><a href=\"https:\/\/agzcoaching.fr\/leshalles\/conditions-generales\/\" class=\"elementor-item\">Conditions g\u00e9n\u00e9rales<\/a><\/li>\n<li class=\"menu-item menu-item-type-post_type menu-item-object-page menu-item-privacy-policy menu-item-548\"><a rel=\"privacy-policy\" href=\"https:\/\/agzcoaching.fr\/leshalles\/declaration-de-confidentialite-ue\/\" class=\"elementor-item\">D\u00e9claration de confidentialit\u00e9 (UE)<\/a><\/li>\n<li class=\"menu-item menu-item-type-post_type menu-item-object-page menu-item-547\"><a href=\"https:\/\/agzcoaching.fr\/leshalles\/politique-de-cookies-ue\/\" class=\"elementor-item\">Politique de cookies (UE)<\/a><\/li>\n<li class=\"menu-item menu-item-type-post_type menu-item-object-page menu-item-550\"><a href=\"https:\/\/agzcoaching.fr\/leshalles\/avertissement\/\" class=\"elementor-item\">Avertissement<\/a><\/li>\n<li class=\"menu-item menu-item-type-post_type menu-item-object-page menu-item-549\"><a href=\"https:\/\/agzcoaching.fr\/leshalles\/mentions-legales\/\" class=\"elementor-item\">Mentions l\u00e9gales<\/a><\/li>\n<\/ul>\t\t\t<\/nav>\n\t\t\t\t\t\t<nav class=\"elementor-nav-menu--dropdown elementor-nav-menu__container\" aria-hidden=\"true\">\n\t\t\t\t<ul id=\"menu-2-e67fd28\" class=\"elementor-nav-menu sm-vertical\"><li class=\"menu-item menu-item-type-post_type menu-item-object-page menu-item-692\"><a href=\"https:\/\/agzcoaching.fr\/leshalles\/conditions-generales-dutilisation\/\" class=\"elementor-item\" tabindex=\"-1\">Conditions g\u00e9n\u00e9rales d&rsquo;utilisation<\/a><\/li>\n<li class=\"menu-item menu-item-type-post_type menu-item-object-page menu-item-553\"><a href=\"https:\/\/agzcoaching.fr\/leshalles\/conditions-generales\/\" class=\"elementor-item\" tabindex=\"-1\">Conditions g\u00e9n\u00e9rales<\/a><\/li>\n<li class=\"menu-item menu-item-type-post_type menu-item-object-page menu-item-privacy-policy menu-item-548\"><a rel=\"privacy-policy\" href=\"https:\/\/agzcoaching.fr\/leshalles\/declaration-de-confidentialite-ue\/\" class=\"elementor-item\" tabindex=\"-1\">D\u00e9claration de confidentialit\u00e9 (UE)<\/a><\/li>\n<li class=\"menu-item menu-item-type-post_type menu-item-object-page menu-item-547\"><a href=\"https:\/\/agzcoaching.fr\/leshalles\/politique-de-cookies-ue\/\" class=\"elementor-item\" tabindex=\"-1\">Politique de cookies (UE)<\/a><\/li>\n<li class=\"menu-item menu-item-type-post_type menu-item-object-page menu-item-550\"><a href=\"https:\/\/agzcoaching.fr\/leshalles\/avertissement\/\" class=\"elementor-item\" tabindex=\"-1\">Avertissement<\/a><\/li>\n<li class=\"menu-item menu-item-type-post_type menu-item-object-page menu-item-549\"><a href=\"https:\/\/agzcoaching.fr\/leshalles\/mentions-legales\/\" class=\"elementor-item\" tabindex=\"-1\">Mentions l\u00e9gales<\/a><\/li>\n<\/ul>\t\t\t<\/nav>\n\t\t\t\t\t\t<\/div>\n\t\t\t\t<\/div>\n\t\t<div class=\"elementor-element elementor-element-53265baf e-con-full e-flex e-con e-child\" data-id=\"53265baf\" data-element_type=\"container\" data-e-type=\"container\" data-settings=\"{&quot;ekit_has_onepagescroll_dot&quot;:&quot;yes&quot;}\">\n\t\t\t\t<div class=\"elementor-element elementor-element-43810b6 elementor-widget elementor-widget-text-editor\" data-id=\"43810b6\" data-element_type=\"widget\" data-e-type=\"widget\" data-settings=\"{&quot;ekit_we_effect_on&quot;:&quot;none&quot;}\" data-widget_type=\"text-editor.default\">\n\t\t\t\t\t<div class=\"bb-theme-elementor-wrap bb-elementor-custom-color\">\t\t\t\t<p>En vigueur au 01\/01\/2026<\/p><p>Les pr\u00e9sentes conditions g\u00e9n\u00e9rales d&rsquo;utilisation (dites \u00ab <strong>CGU<\/strong> \u00bb) ont pour objet l&rsquo;encadrement juridique des modalit\u00e9s de mise \u00e0 disposition du site et des services par <strong>AGZ Coaching<\/strong> et de d\u00e9finir les conditions d&rsquo;acc\u00e8s et d&rsquo;utilisation des services par \u00ab <strong>l&rsquo;Utilisateur<\/strong> \u00bb.<\/p><p>Les pr\u00e9sentes CGU sont accessibles sur le site \u00e0 la rubrique \u00ab CGU \u00bb.<\/p><p>Toute inscription ou utilisation du site implique l&rsquo;acceptation sans aucune r\u00e9serve ni restriction des pr\u00e9sentes CGU par l&rsquo;utilisateur. Lors de l&rsquo;inscription sur le site via le Formulaire d&rsquo;inscription, chaque utilisateur accepte express\u00e9ment les pr\u00e9sentes CGU en cochant la case pr\u00e9c\u00e9dant le texte suivant : \u00ab Je reconnais avoir lu et compris les CGU et je les accepte \u00bb.<\/p><p>En cas de non-acceptation des CGU stipul\u00e9es dans le pr\u00e9sent contrat, l&rsquo;Utilisateur se doit de renoncer \u00e0 l&rsquo;acc\u00e8s des services propos\u00e9s par le site.<\/p><p>AGZ Coaching se r\u00e9serve le droit de modifier unilat\u00e9ralement et \u00e0 tout moment le contenu des pr\u00e9sentes CGU.<\/p><h2>Article 1 : Les mentions l\u00e9gales<\/h2><p>L&rsquo;\u00e9dition et la direction de la publication du site https:\/\/www.agzcoaching.fr est assur\u00e9e par Mostafa AKABLI, domicili\u00e9 54 chemin des Cougoulins 06600 Antibes.<\/p><p>Num\u00e9ro de t\u00e9l\u00e9phone : 07 66 53 08 63<\/p><p>Adresse e-mail : <span \n                data-original-string='FvuDg3JuKvg7Q2PGCIoQuA==617VgaNjS7z3smTDZCSqnPELPfzQA7YPzXv9pnibsNj7Wo='\n                class='apbct-email-encoder'\n                title='This contact has been encoded by Anti-Spam by CleanTalk. Click to decode. To finish the decoding make sure that JavaScript is enabled in your browser.'>co<span class=\"apbct-blur\">*****<\/span>@<span class=\"apbct-blur\">*********<\/span>ng.fr<\/span><\/p><p>L&rsquo;h\u00e9bergeur du site https:\/\/www.agzcoaching.fr est la soci\u00e9t\u00e9 HOSTINGER INTERNATIONAL LTD, dont le si\u00e8ge social est situ\u00e9 au 61 Lordou Vironos Street, 6023 Larnaca, Chypre, joignable via : https:\/\/www.hostinger.fr\/contact<\/p><h2>Article 2 : Acc\u00e8s au site<\/h2><p>Le site https:\/\/www.agzcoaching.fr propose les services suivants :<\/p><p>Coaching en d\u00e9veloppement personnel individuel en pr\u00e9sentiel, coaching en d\u00e9veloppement personnel individuel \u00e0 distance, coaching en d\u00e9veloppement personnel collectif en pr\u00e9sentiel, coaching en d\u00e9veloppement personnel collectif \u00e0 distance, test de personnalit\u00e9, test de d\u00e9veloppement personnel, \u00e9valuation de personnalit\u00e9, \u00e9valuation de d\u00e9veloppement personnel, \u00e9valuation globale de personnalit\u00e9 et de d\u00e9veloppement personnel, bilan de personnalit\u00e9, bilan de d\u00e9veloppement personnel, bilan global de personnalit\u00e9 et de d\u00e9veloppement personnel, outils num\u00e9riques t\u00e9l\u00e9chargeables, abonnements donnant acc\u00e8s aux services et contenus r\u00e9serv\u00e9s aux membres, boutique en ligne, espace commentaires du blog.<\/p><p>Le site est accessible gratuitement en tout lieu \u00e0 tout Utilisateur ayant un acc\u00e8s \u00e0 Internet. Tous les frais support\u00e9s par l&rsquo;Utilisateur pour acc\u00e9der au service (mat\u00e9riel informatique, logiciels, connexion Internet, etc.) sont \u00e0 sa charge.<\/p><p>L&rsquo;Utilisateur non membre n&rsquo;a pas acc\u00e8s aux services r\u00e9serv\u00e9s. Pour cela, il doit s&rsquo;inscrire en remplissant le formulaire. En acceptant de s&rsquo;inscrire aux services r\u00e9serv\u00e9s, l&rsquo;Utilisateur membre s&rsquo;engage \u00e0 fournir des informations sinc\u00e8res et exactes concernant son \u00e9tat civil et ses coordonn\u00e9es, notamment son adresse email.<\/p><p>Pour acc\u00e9der aux services, l&rsquo;Utilisateur doit ensuite s&rsquo;identifier \u00e0 l&rsquo;aide de son identifiant et de son mot de passe qui lui seront communiqu\u00e9s apr\u00e8s son inscription.<\/p><p>Tout Utilisateur membre r\u00e9guli\u00e8rement inscrit pourra \u00e9galement solliciter sa d\u00e9sinscription en se rendant \u00e0 la page d\u00e9di\u00e9e sur son espace personnel. Celle-ci sera effective dans un d\u00e9lai raisonnable.<\/p><p>Tout \u00e9v\u00e9nement d\u00fb \u00e0 un cas de force majeure ayant pour cons\u00e9quence un dysfonctionnement du site ou serveur et sous r\u00e9serve de toute interruption ou modification en cas de maintenance, n&rsquo;engage pas la responsabilit\u00e9 de AGZ Coaching. Dans ces cas, l&rsquo;Utilisateur accepte ainsi ne pas tenir rigueur \u00e0 l&rsquo;\u00e9diteur de toute interruption ou suspension de service, m\u00eame sans pr\u00e9avis.<\/p><p>L&rsquo;Utilisateur a la possibilit\u00e9 de contacter le site par messagerie \u00e9lectronique \u00e0 l&rsquo;adresse email de l&rsquo;\u00e9diteur communiqu\u00e9e \u00e0 l&rsquo;Article 1.<\/p><h2>Article 3 : Collecte des donn\u00e9es<\/h2><p>Le site assure \u00e0 l&rsquo;Utilisateur une collecte et un traitement d&rsquo;informations personnelles dans le respect de la vie priv\u00e9e conform\u00e9ment \u00e0 la loi n\u00b078-17 du 6 janvier 1978 relative \u00e0 l&rsquo;informatique, aux fichiers et aux libert\u00e9s.<\/p><p>En vertu de la loi Informatique et Libert\u00e9s, en date du 6 janvier 1978, l&rsquo;Utilisateur dispose d&rsquo;un droit d&rsquo;acc\u00e8s, de rectification, de suppression et d&rsquo;opposition de ses donn\u00e9es personnelles. L&rsquo;Utilisateur exerce ce droit :<\/p><ul><li>par mail \u00e0 l&rsquo;adresse email <span \n                data-original-string='vGq5z4r9ybrXXcbiKNicsg==617DG3cgQvLjHQR\/vTox8+DAbF9aaIGLxxWwZa9VTxmiTo='\n                class='apbct-email-encoder'\n                title='This contact has been encoded by Anti-Spam by CleanTalk. Click to decode. To finish the decoding make sure that JavaScript is enabled in your browser.'>in<span class=\"apbct-blur\">***<\/span>@<span class=\"apbct-blur\">*********<\/span>ng.fr<\/span><\/li><li>via un formulaire de contact<\/li><li>via son espace personnel<\/li><\/ul><p>Le traitement des donn\u00e9es personnelles est \u00e9galement r\u00e9gi par le R\u00e8glement G\u00e9n\u00e9ral sur la Protection des Donn\u00e9es (RGPD) du 27 avril 2016. Pour toute information compl\u00e9mentaire, l&rsquo;Utilisateur est invit\u00e9 \u00e0 consulter la politique de confidentialit\u00e9 disponible sur le site.<\/p><h2>Article 4 : Propri\u00e9t\u00e9 intellectuelle<\/h2><p>Les marques, logos, signes ainsi que tous les contenus du site (textes, images, son\u2026) font l&rsquo;objet d&rsquo;une protection par le Code de la propri\u00e9t\u00e9 intellectuelle et plus particuli\u00e8rement par le droit d&rsquo;auteur.<\/p><p>L&rsquo;Utilisateur doit solliciter l&rsquo;autorisation pr\u00e9alable du site pour toute reproduction, publication, copie des diff\u00e9rents contenus. Il s&rsquo;engage \u00e0 une utilisation des contenus du site dans un cadre strictement priv\u00e9, toute utilisation \u00e0 des fins commerciales et publicitaires est strictement interdite.<\/p><p>Toute repr\u00e9sentation totale ou partielle de ce site par quelque proc\u00e9d\u00e9 que ce soit, sans l&rsquo;autorisation expresse de l&rsquo;exploitant du site Internet constituerait une contrefa\u00e7on sanctionn\u00e9e par l&rsquo;article L 335-2 et suivants du Code de la propri\u00e9t\u00e9 intellectuelle.<\/p><p>Il est rappel\u00e9 conform\u00e9ment \u00e0 l&rsquo;article L122-5 du Code de propri\u00e9t\u00e9 intellectuelle que l&rsquo;Utilisateur qui reproduit, copie ou publie le contenu prot\u00e9g\u00e9 doit citer l&rsquo;auteur et sa source.<\/p><h2>Article 5 : Responsabilit\u00e9<\/h2><p>Les sources des informations diffus\u00e9es sur le site https:\/\/www.agzcoaching.fr sont r\u00e9put\u00e9es fiables mais le site ne garantit pas qu&rsquo;il soit exempt de d\u00e9fauts, d&rsquo;erreurs ou d&rsquo;omissions.<\/p><p>Les informations communiqu\u00e9es sont pr\u00e9sent\u00e9es \u00e0 titre indicatif et g\u00e9n\u00e9ral sans valeur contractuelle. Malgr\u00e9 des mises \u00e0 jour r\u00e9guli\u00e8res, AGZ Coaching ne peut \u00eatre tenu responsable de la modification des dispositions administratives et juridiques survenant apr\u00e8s la publication. De m\u00eame, le site ne peut \u00eatre tenu responsable de l&rsquo;utilisation et de l&rsquo;interpr\u00e9tation de l&rsquo;information contenue dans ce site.<\/p><p>L&rsquo;Utilisateur s&rsquo;assure de garder son mot de passe secret. Toute divulgation du mot de passe, quelle que soit sa forme, est interdite. Il assume les risques li\u00e9s \u00e0 l&rsquo;utilisation de son identifiant et mot de passe. Le site d\u00e9cline toute responsabilit\u00e9.<\/p><p>AGZ Coaching ne peut \u00eatre tenu pour responsable d&rsquo;\u00e9ventuels virus qui pourraient infecter l&rsquo;ordinateur ou tout mat\u00e9riel informatique de l&rsquo;Internaute, suite \u00e0 une utilisation, \u00e0 l&rsquo;acc\u00e8s, ou au t\u00e9l\u00e9chargement provenant de ce site.<\/p><p>La responsabilit\u00e9 du site ne peut \u00eatre engag\u00e9e en cas de force majeure ou du fait impr\u00e9visible et insurmontable d&rsquo;un tiers.<\/p><h2>Article 6 : Liens hypertextes<\/h2><p>Des liens hypertextes peuvent \u00eatre pr\u00e9sents sur le site. L&rsquo;Utilisateur est inform\u00e9 qu&rsquo;en cliquant sur ces liens, il sortira du site https:\/\/www.agzcoaching.fr. Ce dernier n&rsquo;a pas de contr\u00f4le sur les pages web sur lesquelles aboutissent ces liens et ne saurait, en aucun cas, \u00eatre responsable de leur contenu.<\/p><h2>Article 7 : Cookies<\/h2><p>Pour toute information relative \u00e0 l&rsquo;utilisation des cookies sur ce site, l&rsquo;Utilisateur est invit\u00e9 \u00e0 consulter la politique de cookies disponible sur le site.<\/p><h2>Article 8 : Droit applicable et juridiction comp\u00e9tente<\/h2><p>La l\u00e9gislation fran\u00e7aise s&rsquo;applique au pr\u00e9sent contrat. En cas d&rsquo;absence de r\u00e9solution amiable d&rsquo;un litige n\u00e9 entre les parties, les tribunaux fran\u00e7ais seront seuls comp\u00e9tents pour en conna\u00eetre.<\/p><p>Pour toute question relative \u00e0 l&rsquo;application des pr\u00e9sentes CGU, vous pouvez joindre l&rsquo;\u00e9diteur aux coordonn\u00e9es inscrites \u00e0 l&rsquo;Article 1.<\/p>\t\t\t\t<\/div>\t\t\t\t<\/div>\n\t\t\t\t<\/div>\n\t\t\t\t\t<\/div>\n\t\t\t\t<\/div>\n\t\t\t\t\t<\/div>\n\t\t\t\t<\/div>\n\t\t<div class=\"elementor-element elementor-element-7de448c5 e-flex e-con-boxed e-con e-parent\" data-id=\"7de448c5\" data-element_type=\"container\" data-e-type=\"container\" data-settings=\"{&quot;ekit_has_onepagescroll_dot&quot;:&quot;yes&quot;}\">\n\t\t\t\t\t<div class=\"e-con-inner\">\n\t\t\t\t<div class=\"elementor-element elementor-element-6c049ed0 elementor-widget elementor-widget-text-editor\" data-id=\"6c049ed0\" data-element_type=\"widget\" data-e-type=\"widget\" data-settings=\"{&quot;ekit_we_effect_on&quot;:&quot;none&quot;}\" data-widget_type=\"text-editor.default\">\n\t\t\t\t\t\t\t\t\t<p>Pour toute question relative \u00e0 l&rsquo;application de cette politique de confidentialit\u00e9, veuillez consulter notre page de <a href=\"https:\/\/agzcoaching.fr\/contact\/\"><b>Contact<\/b><\/a> pour nous joindre directement.<\/p>\t\t\t\t\t\t\t\t<\/div>\n\t\t\t\t\t<\/div>\n\t\t\t\t<\/div>\n\t\t\t\t<\/div>\n\t\t","protected":false},"excerpt":{"rendered":"<p>Accueil Conditions G\u00e9n\u00e9rales d&rsquo;utilisation Nous avons tous le droit \u00e0 une compr\u00e9hension claire Chez AGZ Coaching, je valorise la clart\u00e9 et la compr\u00e9hension mutuelle. Ces&hellip;<\/p>\n","protected":false},"author":1,"featured_media":656,"parent":0,"menu_order":0,"comment_status":"closed","ping_status":"closed","template":"","meta":{"_acf_changed":false,"footnotes":""},"class_list":["post-541","page","type-page","status-publish","has-post-thumbnail","hentry"],"acf":[],"_links":{"self":[{"href":"https:\/\/agzcoaching.fr\/leshalles\/wp-json\/wp\/v2\/pages\/541","targetHints":{"allow":["GET"]}}],"collection":[{"href":"https:\/\/agzcoaching.fr\/leshalles\/wp-json\/wp\/v2\/pages"}],"about":[{"href":"https:\/\/agzcoaching.fr\/leshalles\/wp-json\/wp\/v2\/types\/page"}],"author":[{"embeddable":true,"href":"https:\/\/agzcoaching.fr\/leshalles\/wp-json\/wp\/v2\/users\/1"}],"replies":[{"embeddable":true,"href":"https:\/\/agzcoaching.fr\/leshalles\/wp-json\/wp\/v2\/comments?post=541"}],"version-history":[{"count":0,"href":"https:\/\/agzcoaching.fr\/leshalles\/wp-json\/wp\/v2\/pages\/541\/revisions"}],"wp:featuredmedia":[{"embeddable":true,"href":"https:\/\/agzcoaching.fr\/leshalles\/wp-json\/wp\/v2\/media\/656"}],"wp:attachment":[{"href":"https:\/\/agzcoaching.fr\/leshalles\/wp-json\/wp\/v2\/media?parent=541"}],"curies":[{"name":"wp","href":"https:\/\/api.w.org\/{rel}","templated":true}]}}