{"id":545,"date":"2026-03-26T13:17:44","date_gmt":"2026-03-26T12:17:44","guid":{"rendered":"https:\/\/agzcoaching.fr\/leshalles\/imprint\/"},"modified":"2026-03-27T08:55:17","modified_gmt":"2026-03-27T07:55:17","slug":"mentions-legales","status":"publish","type":"page","link":"https:\/\/agzcoaching.fr\/leshalles\/mentions-legales\/","title":{"rendered":"Mentions l\u00e9gales"},"content":{"rendered":"\t\t<div data-elementor-type=\"wp-page\" data-elementor-id=\"545\" class=\"elementor elementor-545\" data-elementor-post-type=\"page\">\n\t\t\t\t<div class=\"elementor-element elementor-element-781e8af1 elementor-hidden-desktop elementor-hidden-tablet elementor-hidden-mobile e-flex e-con-boxed e-con e-parent\" data-id=\"781e8af1\" data-element_type=\"container\" data-e-type=\"container\" data-settings=\"{&quot;ekit_has_onepagescroll_dot&quot;:&quot;yes&quot;}\">\n\t\t\t\t\t<div class=\"e-con-inner\">\n\t\t\t\t<div class=\"elementor-element elementor-element-423786b6 elementor-widget elementor-widget-breadcrumbs\" data-id=\"423786b6\" data-element_type=\"widget\" data-e-type=\"widget\" data-settings=\"{&quot;ekit_we_effect_on&quot;:&quot;none&quot;}\" data-widget_type=\"breadcrumbs.default\">\n\t\t\t\t<div class=\"elementor-widget-container\">\n\t\t\t\t\t<nav aria-label=\"breadcrumbs\" class=\"rank-math-breadcrumb\"><p><span class=\"last\">Accueil<\/span><\/p><\/nav>\t\t\t\t<\/div>\n\t\t\t\t<\/div>\n\t\t\t\t\t<\/div>\n\t\t\t\t<\/div>\n\t\t<div class=\"elementor-element elementor-element-667a60fc e-flex e-con-boxed e-con e-parent\" data-id=\"667a60fc\" data-element_type=\"container\" data-e-type=\"container\" data-settings=\"{&quot;background_background&quot;:&quot;classic&quot;,&quot;ekit_has_onepagescroll_dot&quot;:&quot;yes&quot;}\">\n\t\t\t\t\t<div class=\"e-con-inner\">\n\t\t<div class=\"elementor-element elementor-element-546dc8ba e-flex e-con-boxed e-con e-child\" data-id=\"546dc8ba\" data-element_type=\"container\" data-e-type=\"container\" data-settings=\"{&quot;ekit_has_onepagescroll_dot&quot;:&quot;yes&quot;}\">\n\t\t\t\t\t<div class=\"e-con-inner\">\n\t\t<div class=\"elementor-element elementor-element-3681df60 e-con-full e-flex e-con e-child\" data-id=\"3681df60\" data-element_type=\"container\" data-e-type=\"container\" data-settings=\"{&quot;ekit_has_onepagescroll_dot&quot;:&quot;yes&quot;}\">\n\t\t\t\t<div class=\"elementor-element elementor-element-723e87e elementor-widget elementor-widget-heading\" data-id=\"723e87e\" data-element_type=\"widget\" data-e-type=\"widget\" data-settings=\"{&quot;ekit_we_effect_on&quot;:&quot;none&quot;}\" data-widget_type=\"heading.default\">\n\t\t\t\t\t<h2 class=\"elementor-heading-title elementor-size-default\"><a href=\"https:\/\/www.cnil.fr\/fr\/mentions-legales\" target=\"_blank\" rel=\"noopener\">Imprint \u2013 Mentions l\u00e9gales d\u2019AGZ Coaching<\/a><\/h2>\t\t\t\t<\/div>\n\t\t\t\t<div class=\"elementor-element elementor-element-346c2d28 elementor-widget elementor-widget-elementskit-fancy-animated-text\" data-id=\"346c2d28\" data-element_type=\"widget\" data-e-type=\"widget\" data-settings=\"{&quot;ekit_we_effect_on&quot;:&quot;none&quot;}\" data-widget_type=\"elementskit-fancy-animated-text.default\">\n\t\t\t\t<div class=\"elementor-widget-container\">\n\t\t\t\t\t<div class=\"ekit-wid-con\" >            <h2 class=\"ekit-fancy-text clip is-full-width\" data-id=\"346c2d28\" data-animation-settings=\"{&quot;animationStyle&quot;:&quot;animated&quot;,&quot;animationDelay&quot;:2500,&quot;loadingBar&quot;:3800,&quot;lettersDelay&quot;:50,&quot;typeLettersDelay&quot;:150,&quot;duration&quot;:500,&quot;revealDuration&quot;:2400,&quot;revealAnimationDelay&quot;:3000}\">\n                \t\t\t<span class=\"ekit-fancy-prefix-text\">\n\t\t\t\tNous avons tous le droit\t\t\t<\/span>\n\t\t\t\t\t\t<span class=\"ekit-fancy-text-lists \">\n\t\t\t\t\t\t\t\t\t\t<b class=\"ekit-fancy-text elementor-repeater-item-746d0ba is-visible\">\u00e0 une compr\u00e9hension<\/b>\n\t\t\t\t\t\t\t\t\t<\/span>\n\t\t\t            <span class=\"ekit-fancy-suffix-text\">claire<\/span>\n                    <\/h2>\n        <\/div>\t\t\t\t<\/div>\n\t\t\t\t<\/div>\n\t\t\t\t<div class=\"elementor-element elementor-element-7d7b27f2 elementor-widget elementor-widget-heading\" data-id=\"7d7b27f2\" data-element_type=\"widget\" data-e-type=\"widget\" data-settings=\"{&quot;ekit_we_effect_on&quot;:&quot;none&quot;}\" data-widget_type=\"heading.default\">\n\t\t\t\t\t<div class=\"elementor-heading-title elementor-size-default\">Cet imprint pr\u00e9sente l\u2019ensemble des informations l\u00e9gales obligatoires concernant AGZ Coaching : identit\u00e9 de l\u2019\u00e9diteur, statut juridique, coordonn\u00e9es et responsabilit\u00e9s. Cette page assure la transparence et la conformit\u00e9 de ce site.<\/div>\t\t\t\t<\/div>\n\t\t\t\t<div class=\"elementor-element elementor-element-69ffb3ae elementor-align-center elementor-widget elementor-widget-button\" data-id=\"69ffb3ae\" data-element_type=\"widget\" data-e-type=\"widget\" data-settings=\"{&quot;ekit_we_effect_on&quot;:&quot;none&quot;}\" data-widget_type=\"button.default\">\n\t\t\t\t\t\t\t\t\t\t<a class=\"elementor-button elementor-size-lg\" role=\"button\">\n\t\t\t\t\t\t<span class=\"elementor-button-content-wrapper\">\n\t\t\t\t\t\t\t\t\t<span class=\"elementor-button-text\">R\u00e9server votre appel diagnostic gratuit<\/span>\n\t\t\t\t\t<\/span>\n\t\t\t\t\t<\/a>\n\t\t\t\t\t\t\t\t<\/div>\n\t\t\t\t<\/div>\n\t\t<div data-dce-background-image-url=\"https:\/\/agzcoaching.fr\/leshalles\/wp-content\/uploads\/sites\/8\/2026\/03\/mentions-legales-AGZ-Coaching-Antibes.webp\" class=\"elementor-element elementor-element-47a98d9d e-con-full e-flex e-con e-child\" data-id=\"47a98d9d\" data-element_type=\"container\" data-e-type=\"container\" data-settings=\"{&quot;background_background&quot;:&quot;classic&quot;,&quot;ekit_has_onepagescroll_dot&quot;:&quot;yes&quot;}\">\n\t\t\t\t<div class=\"elementor-element elementor-element-67bd2711 elementor-widget elementor-widget-spacer\" data-id=\"67bd2711\" data-element_type=\"widget\" data-e-type=\"widget\" data-settings=\"{&quot;ekit_we_effect_on&quot;:&quot;none&quot;}\" data-widget_type=\"spacer.default\">\n\t\t\t\t\t\t\t<div class=\"elementor-spacer\">\n\t\t\t<div class=\"elementor-spacer-inner\"><\/div>\n\t\t<\/div>\n\t\t\t\t\t\t<\/div>\n\t\t\t\t<\/div>\n\t\t\t\t\t<\/div>\n\t\t\t\t<\/div>\n\t\t\t\t\t<\/div>\n\t\t\t\t<\/div>\n\t\t<div class=\"elementor-element elementor-element-47b07d72 e-flex e-con-boxed e-con e-parent\" data-id=\"47b07d72\" data-element_type=\"container\" data-e-type=\"container\" data-settings=\"{&quot;background_background&quot;:&quot;classic&quot;,&quot;ekit_has_onepagescroll_dot&quot;:&quot;yes&quot;}\">\n\t\t\t\t\t<div class=\"e-con-inner\">\n\t\t<div class=\"elementor-element elementor-element-5b8452f5 e-flex e-con-boxed e-con e-child\" data-id=\"5b8452f5\" data-element_type=\"container\" data-e-type=\"container\" data-settings=\"{&quot;ekit_has_onepagescroll_dot&quot;:&quot;yes&quot;}\">\n\t\t\t\t\t<div class=\"e-con-inner\">\n\t\t<div class=\"elementor-element elementor-element-515f5d85 e-con-full e-flex e-con e-child\" data-id=\"515f5d85\" data-element_type=\"container\" data-e-type=\"container\" data-settings=\"{&quot;ekit_has_onepagescroll_dot&quot;:&quot;yes&quot;}\">\n\t\t\t\t<div class=\"elementor-element elementor-element-7db33e36 elementor-widget elementor-widget-heading\" data-id=\"7db33e36\" data-element_type=\"widget\" data-e-type=\"widget\" data-settings=\"{&quot;ekit_we_effect_on&quot;:&quot;none&quot;}\" data-widget_type=\"heading.default\">\n\t\t\t\t\t<h2 class=\"elementor-heading-title elementor-size-default\">Navigation<\/h2>\t\t\t\t<\/div>\n\t\t\t\t<div class=\"elementor-element elementor-element-7c833e29 elementor-nav-menu--dropdown-none elementor-widget elementor-widget-nav-menu\" data-id=\"7c833e29\" data-element_type=\"widget\" data-e-type=\"widget\" data-settings=\"{&quot;layout&quot;:&quot;vertical&quot;,&quot;submenu_icon&quot;:{&quot;value&quot;:&quot;&lt;svg aria-hidden=\\&quot;true\\&quot; class=\\&quot;e-font-icon-svg e-fas-caret-down\\&quot; viewBox=\\&quot;0 0 320 512\\&quot; xmlns=\\&quot;http:\\\/\\\/www.w3.org\\\/2000\\\/svg\\&quot;&gt;&lt;path d=\\&quot;M31.3 192h257.3c17.8 0 26.7 21.5 14.1 34.1L174.1 354.8c-7.8 7.8-20.5 7.8-28.3 0L17.2 226.1C4.6 213.5 13.5 192 31.3 192z\\&quot;&gt;&lt;\\\/path&gt;&lt;\\\/svg&gt;&quot;,&quot;library&quot;:&quot;fa-solid&quot;},&quot;ekit_we_effect_on&quot;:&quot;none&quot;}\" data-widget_type=\"nav-menu.default\">\n\t\t\t\t\t\t\t\t<nav aria-label=\"Menu\" class=\"elementor-nav-menu--main elementor-nav-menu__container elementor-nav-menu--layout-vertical e--pointer-none\">\n\t\t\t\t<ul id=\"menu-1-7c833e29\" class=\"elementor-nav-menu sm-vertical\"><li class=\"menu-item menu-item-type-post_type menu-item-object-page menu-item-692\"><a href=\"https:\/\/agzcoaching.fr\/leshalles\/conditions-generales-dutilisation\/\" class=\"elementor-item\">Conditions g\u00e9n\u00e9rales d&rsquo;utilisation<\/a><\/li>\n<li class=\"menu-item menu-item-type-post_type menu-item-object-page menu-item-553\"><a href=\"https:\/\/agzcoaching.fr\/leshalles\/conditions-generales\/\" class=\"elementor-item\">Conditions g\u00e9n\u00e9rales<\/a><\/li>\n<li class=\"menu-item menu-item-type-post_type menu-item-object-page menu-item-privacy-policy menu-item-548\"><a rel=\"privacy-policy\" href=\"https:\/\/agzcoaching.fr\/leshalles\/declaration-de-confidentialite-ue\/\" class=\"elementor-item\">D\u00e9claration de confidentialit\u00e9 (UE)<\/a><\/li>\n<li class=\"menu-item menu-item-type-post_type menu-item-object-page menu-item-547\"><a href=\"https:\/\/agzcoaching.fr\/leshalles\/politique-de-cookies-ue\/\" class=\"elementor-item\">Politique de cookies (UE)<\/a><\/li>\n<li class=\"menu-item menu-item-type-post_type menu-item-object-page menu-item-550\"><a href=\"https:\/\/agzcoaching.fr\/leshalles\/avertissement\/\" class=\"elementor-item\">Avertissement<\/a><\/li>\n<li class=\"menu-item menu-item-type-post_type menu-item-object-page menu-item-549\"><a href=\"https:\/\/agzcoaching.fr\/leshalles\/mentions-legales\/\" class=\"elementor-item\">Mentions l\u00e9gales<\/a><\/li>\n<\/ul>\t\t\t<\/nav>\n\t\t\t\t\t\t<nav class=\"elementor-nav-menu--dropdown elementor-nav-menu__container\" aria-hidden=\"true\">\n\t\t\t\t<ul id=\"menu-2-7c833e29\" class=\"elementor-nav-menu sm-vertical\"><li class=\"menu-item menu-item-type-post_type menu-item-object-page menu-item-692\"><a href=\"https:\/\/agzcoaching.fr\/leshalles\/conditions-generales-dutilisation\/\" class=\"elementor-item\" tabindex=\"-1\">Conditions g\u00e9n\u00e9rales d&rsquo;utilisation<\/a><\/li>\n<li class=\"menu-item menu-item-type-post_type menu-item-object-page menu-item-553\"><a href=\"https:\/\/agzcoaching.fr\/leshalles\/conditions-generales\/\" class=\"elementor-item\" tabindex=\"-1\">Conditions g\u00e9n\u00e9rales<\/a><\/li>\n<li class=\"menu-item menu-item-type-post_type menu-item-object-page menu-item-privacy-policy menu-item-548\"><a rel=\"privacy-policy\" href=\"https:\/\/agzcoaching.fr\/leshalles\/declaration-de-confidentialite-ue\/\" class=\"elementor-item\" tabindex=\"-1\">D\u00e9claration de confidentialit\u00e9 (UE)<\/a><\/li>\n<li class=\"menu-item menu-item-type-post_type menu-item-object-page menu-item-547\"><a href=\"https:\/\/agzcoaching.fr\/leshalles\/politique-de-cookies-ue\/\" class=\"elementor-item\" tabindex=\"-1\">Politique de cookies (UE)<\/a><\/li>\n<li class=\"menu-item menu-item-type-post_type menu-item-object-page menu-item-550\"><a href=\"https:\/\/agzcoaching.fr\/leshalles\/avertissement\/\" class=\"elementor-item\" tabindex=\"-1\">Avertissement<\/a><\/li>\n<li class=\"menu-item menu-item-type-post_type menu-item-object-page menu-item-549\"><a href=\"https:\/\/agzcoaching.fr\/leshalles\/mentions-legales\/\" class=\"elementor-item\" tabindex=\"-1\">Mentions l\u00e9gales<\/a><\/li>\n<\/ul>\t\t\t<\/nav>\n\t\t\t\t\t\t<\/div>\n\t\t\t\t<\/div>\n\t\t<div class=\"elementor-element elementor-element-6c4b73d0 e-con-full e-flex e-con e-child\" data-id=\"6c4b73d0\" data-element_type=\"container\" data-e-type=\"container\" data-settings=\"{&quot;ekit_has_onepagescroll_dot&quot;:&quot;yes&quot;}\">\n\t\t\t\t<div class=\"elementor-element elementor-element-410761 elementor-widget elementor-widget-shortcode\" data-id=\"410761\" data-element_type=\"widget\" data-e-type=\"widget\" data-settings=\"{&quot;ekit_we_effect_on&quot;:&quot;none&quot;}\" data-widget_type=\"shortcode.default\">\n\t\t\t\t\t\t\t<div class=\"elementor-shortcode\">\n<!-- Legal document generated by Complianz | GDPR\/CCPA Cookie Consent https:\/\/wordpress.org\/plugins\/complianz-gdpr -->\n<div id=\"cmplz-document\" class=\"cmplz-document impressum cmplz-document-all\"><p><i>Cette imprint a \u00e9t\u00e9 mise \u00e0 jour pour la derni\u00e8re fois le 31 mars 2026.<\/i><\/p><p class=\"cmplz-subtitle\">Le propri\u00e9taire de ce site web est\u00a0:<\/p><p>AGZ Coaching Micro entreprise \/ Auto-entrepreneur<br>54 chemin des Cougoulins, 06600 Antibes.<br>France<br>E-mail\u00a0:&nbsp;<span class=\"cmplz-obfuscate\">co&#110;ta&#099;&#116;@<span class=\"cmplz-fmail-domain\">ex.&#099;&#111;m<\/span>a&#103;&#122;&#099;o&#097;&#099;hin&#103;&#046;&#102;&#114;<\/span><br>Num\u00e9ro de t\u00e9l\u00e9phone\u00a0: 0766530863<br><\/p><p class=\"cmplz-subtitle\">Le(s) repr\u00e9sentant(s) l\u00e9gal(aux) de AGZ Coaching Micro entreprise \/ Auto-entrepreneur\u00a0:<\/p><p>Mostafa AKABLI<\/p><h2>1. G\u00e9n\u00e9ral<\/h2><p class=\"cmplz-subtitle\">1.1 Nous sommes enregistr\u00e9s chez RCS de Nice sous le num\u00e9ro de licence ou d\u2019enregistrement\u00a0:<\/p><p>48282796100046<\/p><p>Nous sommes dispos\u00e9s ou oblig\u00e9s de participer \u00e0 des proc\u00e9dures de r\u00e8glement des litiges devant une commission d\u2019arbitrage des consommateurs.<\/p><\/div><\/div>\n\t\t\t\t\t\t<\/div>\n\t\t\t\t<\/div>\n\t\t\t\t\t<\/div>\n\t\t\t\t<\/div>\n\t\t\t\t\t<\/div>\n\t\t\t\t<\/div>\n\t\t<div class=\"elementor-element elementor-element-432f8c5 e-flex e-con-boxed e-con e-parent\" data-id=\"432f8c5\" data-element_type=\"container\" data-e-type=\"container\" data-settings=\"{&quot;ekit_has_onepagescroll_dot&quot;:&quot;yes&quot;}\">\n\t\t\t\t\t<div class=\"e-con-inner\">\n\t\t\t\t<div class=\"elementor-element elementor-element-468a72a2 elementor-widget elementor-widget-text-editor\" data-id=\"468a72a2\" data-element_type=\"widget\" data-e-type=\"widget\" data-settings=\"{&quot;ekit_we_effect_on&quot;:&quot;none&quot;}\" data-widget_type=\"text-editor.default\">\n\t\t\t\t\t\t\t\t\t<p>Pour toute question relative \u00e0 l&rsquo;imprint, veuillez consulter notre page de <a href=\"https:\/\/agzcoaching.fr\/contact\/\"><b>Contact<\/b><\/a> pour nous joindre directement.<\/p>\t\t\t\t\t\t\t\t<\/div>\n\t\t\t\t\t<\/div>\n\t\t\t\t<\/div>\n\t\t<div class=\"elementor-element elementor-element-7cb65f27 e-flex e-con-boxed e-con e-parent\" data-id=\"7cb65f27\" data-element_type=\"container\" data-e-type=\"container\" data-settings=\"{&quot;ekit_has_onepagescroll_dot&quot;:&quot;yes&quot;}\">\n\t\t\t\t\t<div class=\"e-con-inner\">\n\t\t\t\t\t<\/div>\n\t\t\t\t<\/div>\n\t\t\t\t<\/div>\n\t\t","protected":false},"excerpt":{"rendered":"<p>Accueil Imprint \u2013 Mentions l\u00e9gales d\u2019AGZ Coaching Nous avons tous le droit \u00e0 une compr\u00e9hension claire Cet imprint pr\u00e9sente l\u2019ensemble des informations l\u00e9gales obligatoires concernant&hellip;<\/p>\n","protected":false},"author":1,"featured_media":594,"parent":0,"menu_order":0,"comment_status":"closed","ping_status":"closed","template":"","meta":{"_acf_changed":false,"footnotes":""},"class_list":["post-545","page","type-page","status-publish","has-post-thumbnail","hentry"],"acf":[],"_links":{"self":[{"href":"https:\/\/agzcoaching.fr\/leshalles\/wp-json\/wp\/v2\/pages\/545","targetHints":{"allow":["GET"]}}],"collection":[{"href":"https:\/\/agzcoaching.fr\/leshalles\/wp-json\/wp\/v2\/pages"}],"about":[{"href":"https:\/\/agzcoaching.fr\/leshalles\/wp-json\/wp\/v2\/types\/page"}],"author":[{"embeddable":true,"href":"https:\/\/agzcoaching.fr\/leshalles\/wp-json\/wp\/v2\/users\/1"}],"replies":[{"embeddable":true,"href":"https:\/\/agzcoaching.fr\/leshalles\/wp-json\/wp\/v2\/comments?post=545"}],"version-history":[{"count":0,"href":"https:\/\/agzcoaching.fr\/leshalles\/wp-json\/wp\/v2\/pages\/545\/revisions"}],"wp:featuredmedia":[{"embeddable":true,"href":"https:\/\/agzcoaching.fr\/leshalles\/wp-json\/wp\/v2\/media\/594"}],"wp:attachment":[{"href":"https:\/\/agzcoaching.fr\/leshalles\/wp-json\/wp\/v2\/media?parent=545"}],"curies":[{"name":"wp","href":"https:\/\/api.w.org\/{rel}","templated":true}]}}