{"id":546,"date":"2026-03-26T13:17:44","date_gmt":"2026-03-26T12:17:44","guid":{"rendered":"https:\/\/agzcoaching.fr\/leshalles\/avertissement\/"},"modified":"2026-03-26T14:36:00","modified_gmt":"2026-03-26T13:36:00","slug":"avertissement","status":"publish","type":"page","link":"https:\/\/agzcoaching.fr\/leshalles\/avertissement\/","title":{"rendered":"Avertissement"},"content":{"rendered":"\t\t<div data-elementor-type=\"wp-page\" data-elementor-id=\"546\" class=\"elementor elementor-546\" data-elementor-post-type=\"page\">\n\t\t\t\t<div class=\"elementor-element elementor-element-5239a9da elementor-hidden-desktop elementor-hidden-tablet elementor-hidden-mobile e-flex e-con-boxed e-con e-parent\" data-id=\"5239a9da\" data-element_type=\"container\" data-e-type=\"container\" data-settings=\"{&quot;ekit_has_onepagescroll_dot&quot;:&quot;yes&quot;}\">\n\t\t\t\t\t<div class=\"e-con-inner\">\n\t\t\t\t<div class=\"elementor-element elementor-element-6fa97baa elementor-widget elementor-widget-breadcrumbs\" data-id=\"6fa97baa\" data-element_type=\"widget\" data-e-type=\"widget\" data-settings=\"{&quot;ekit_we_effect_on&quot;:&quot;none&quot;}\" data-widget_type=\"breadcrumbs.default\">\n\t\t\t\t<div class=\"elementor-widget-container\">\n\t\t\t\t\t<nav aria-label=\"breadcrumbs\" class=\"rank-math-breadcrumb\"><p><span class=\"last\">Accueil<\/span><\/p><\/nav>\t\t\t\t<\/div>\n\t\t\t\t<\/div>\n\t\t\t\t\t<\/div>\n\t\t\t\t<\/div>\n\t\t<div class=\"elementor-element elementor-element-6e3153fb e-flex e-con-boxed e-con e-parent\" data-id=\"6e3153fb\" data-element_type=\"container\" data-e-type=\"container\" data-settings=\"{&quot;background_background&quot;:&quot;classic&quot;,&quot;ekit_has_onepagescroll_dot&quot;:&quot;yes&quot;}\">\n\t\t\t\t\t<div class=\"e-con-inner\">\n\t\t<div class=\"elementor-element elementor-element-6845b2a2 e-flex e-con-boxed e-con e-child\" data-id=\"6845b2a2\" data-element_type=\"container\" data-e-type=\"container\" data-settings=\"{&quot;ekit_has_onepagescroll_dot&quot;:&quot;yes&quot;}\">\n\t\t\t\t\t<div class=\"e-con-inner\">\n\t\t<div class=\"elementor-element elementor-element-46fa291e e-con-full e-flex e-con e-child\" data-id=\"46fa291e\" data-element_type=\"container\" data-e-type=\"container\" data-settings=\"{&quot;ekit_has_onepagescroll_dot&quot;:&quot;yes&quot;}\">\n\t\t\t\t<div class=\"elementor-element elementor-element-39d1ffed elementor-widget elementor-widget-heading\" data-id=\"39d1ffed\" data-element_type=\"widget\" data-e-type=\"widget\" data-settings=\"{&quot;ekit_we_effect_on&quot;:&quot;none&quot;}\" data-widget_type=\"heading.default\">\n\t\t\t\t\t<h2 class=\"elementor-heading-title elementor-size-default\"><a href=\"https:\/\/entreprendre.service-public.gouv.fr\/vosdroits\/F33527?profil=tout\" target=\"_blank\" rel=\"noopener\">Avertissement limites de responsabilit\u00e9<\/a><\/h2>\t\t\t\t<\/div>\n\t\t\t\t<div class=\"elementor-element elementor-element-15a6daac elementor-widget elementor-widget-elementskit-fancy-animated-text\" data-id=\"15a6daac\" data-element_type=\"widget\" data-e-type=\"widget\" data-settings=\"{&quot;ekit_we_effect_on&quot;:&quot;none&quot;}\" data-widget_type=\"elementskit-fancy-animated-text.default\">\n\t\t\t\t<div class=\"elementor-widget-container\">\n\t\t\t\t\t<div class=\"ekit-wid-con\" >            <h2 class=\"ekit-fancy-text clip is-full-width\" data-id=\"15a6daac\" data-animation-settings=\"{&quot;animationStyle&quot;:&quot;animated&quot;,&quot;animationDelay&quot;:2500,&quot;loadingBar&quot;:3800,&quot;lettersDelay&quot;:50,&quot;typeLettersDelay&quot;:150,&quot;duration&quot;:500,&quot;revealDuration&quot;:2400,&quot;revealAnimationDelay&quot;:3000}\">\n                \t\t\t<span class=\"ekit-fancy-prefix-text\">\n\t\t\t\tNous avons tous le droit\t\t\t<\/span>\n\t\t\t\t\t\t<span class=\"ekit-fancy-text-lists \">\n\t\t\t\t\t\t\t\t\t\t<b class=\"ekit-fancy-text elementor-repeater-item-746d0ba is-visible\">\u00e0 une compr\u00e9hension<\/b>\n\t\t\t\t\t\t\t\t\t<\/span>\n\t\t\t            <span class=\"ekit-fancy-suffix-text\">claire<\/span>\n                    <\/h2>\n        <\/div>\t\t\t\t<\/div>\n\t\t\t\t<\/div>\n\t\t\t\t<div class=\"elementor-element elementor-element-6cf2a299 elementor-widget elementor-widget-heading\" data-id=\"6cf2a299\" data-element_type=\"widget\" data-e-type=\"widget\" data-settings=\"{&quot;ekit_we_effect_on&quot;:&quot;none&quot;}\" data-widget_type=\"heading.default\">\n\t\t\t\t\t<div class=\"elementor-heading-title elementor-size-default\">Chez AGZ Coaching, je valorise la clart\u00e9 et la compr\u00e9hension mutuelle. Cet avertissement limites de responsabilit\u00e9s  d\u00e9fini nos engagements, assurant une collaboration transparente et respectueuse, essentielle \u00e0 votre d\u00e9veloppement personnel.<\/div>\t\t\t\t<\/div>\n\t\t\t\t<div class=\"elementor-element elementor-element-47dfc849 elementor-align-center elementor-widget elementor-widget-button\" data-id=\"47dfc849\" data-element_type=\"widget\" data-e-type=\"widget\" data-settings=\"{&quot;ekit_we_effect_on&quot;:&quot;none&quot;}\" data-widget_type=\"button.default\">\n\t\t\t\t\t\t\t\t\t\t<a class=\"elementor-button elementor-size-lg\" role=\"button\">\n\t\t\t\t\t\t<span class=\"elementor-button-content-wrapper\">\n\t\t\t\t\t\t\t\t\t<span class=\"elementor-button-text\">R\u00e9server votre appel diagnostic gratuit<\/span>\n\t\t\t\t\t<\/span>\n\t\t\t\t\t<\/a>\n\t\t\t\t\t\t\t\t<\/div>\n\t\t\t\t<\/div>\n\t\t<div data-dce-background-image-url=\"https:\/\/agzcoaching.fr\/leshalles\/wp-content\/uploads\/sites\/8\/2026\/03\/Avertissement-AGZ-Coaching-Antibes.webp\" class=\"elementor-element elementor-element-7c66fcdc e-con-full e-flex e-con e-child\" data-id=\"7c66fcdc\" data-element_type=\"container\" data-e-type=\"container\" data-settings=\"{&quot;background_background&quot;:&quot;classic&quot;,&quot;ekit_has_onepagescroll_dot&quot;:&quot;yes&quot;}\">\n\t\t\t\t<div class=\"elementor-element elementor-element-5b6f0e8c elementor-widget elementor-widget-spacer\" data-id=\"5b6f0e8c\" data-element_type=\"widget\" data-e-type=\"widget\" data-settings=\"{&quot;ekit_we_effect_on&quot;:&quot;none&quot;}\" data-widget_type=\"spacer.default\">\n\t\t\t\t\t\t\t<div class=\"elementor-spacer\">\n\t\t\t<div class=\"elementor-spacer-inner\"><\/div>\n\t\t<\/div>\n\t\t\t\t\t\t<\/div>\n\t\t\t\t<\/div>\n\t\t\t\t\t<\/div>\n\t\t\t\t<\/div>\n\t\t\t\t\t<\/div>\n\t\t\t\t<\/div>\n\t\t<div class=\"elementor-element elementor-element-4b0c58 e-flex e-con-boxed e-con e-parent\" data-id=\"4b0c58\" data-element_type=\"container\" data-e-type=\"container\" data-settings=\"{&quot;background_background&quot;:&quot;classic&quot;,&quot;ekit_has_onepagescroll_dot&quot;:&quot;yes&quot;}\">\n\t\t\t\t\t<div class=\"e-con-inner\">\n\t\t<div class=\"elementor-element elementor-element-48ad28db e-flex e-con-boxed e-con e-child\" data-id=\"48ad28db\" data-element_type=\"container\" data-e-type=\"container\" data-settings=\"{&quot;ekit_has_onepagescroll_dot&quot;:&quot;yes&quot;}\">\n\t\t\t\t\t<div class=\"e-con-inner\">\n\t\t<div class=\"elementor-element elementor-element-43538e20 e-con-full e-flex e-con e-child\" data-id=\"43538e20\" data-element_type=\"container\" data-e-type=\"container\" data-settings=\"{&quot;ekit_has_onepagescroll_dot&quot;:&quot;yes&quot;}\">\n\t\t\t\t<div class=\"elementor-element elementor-element-50f4153 elementor-widget elementor-widget-heading\" data-id=\"50f4153\" data-element_type=\"widget\" data-e-type=\"widget\" data-settings=\"{&quot;ekit_we_effect_on&quot;:&quot;none&quot;}\" data-widget_type=\"heading.default\">\n\t\t\t\t\t<h2 class=\"elementor-heading-title elementor-size-default\">Navigation<\/h2>\t\t\t\t<\/div>\n\t\t\t\t<div class=\"elementor-element elementor-element-4d46dee3 elementor-nav-menu--dropdown-none elementor-widget elementor-widget-nav-menu\" data-id=\"4d46dee3\" data-element_type=\"widget\" data-e-type=\"widget\" data-settings=\"{&quot;layout&quot;:&quot;vertical&quot;,&quot;submenu_icon&quot;:{&quot;value&quot;:&quot;&lt;svg aria-hidden=\\&quot;true\\&quot; class=\\&quot;e-font-icon-svg e-fas-caret-down\\&quot; viewBox=\\&quot;0 0 320 512\\&quot; xmlns=\\&quot;http:\\\/\\\/www.w3.org\\\/2000\\\/svg\\&quot;&gt;&lt;path d=\\&quot;M31.3 192h257.3c17.8 0 26.7 21.5 14.1 34.1L174.1 354.8c-7.8 7.8-20.5 7.8-28.3 0L17.2 226.1C4.6 213.5 13.5 192 31.3 192z\\&quot;&gt;&lt;\\\/path&gt;&lt;\\\/svg&gt;&quot;,&quot;library&quot;:&quot;fa-solid&quot;},&quot;ekit_we_effect_on&quot;:&quot;none&quot;}\" data-widget_type=\"nav-menu.default\">\n\t\t\t\t\t\t\t\t<nav aria-label=\"Menu\" class=\"elementor-nav-menu--main elementor-nav-menu__container elementor-nav-menu--layout-vertical e--pointer-none\">\n\t\t\t\t<ul id=\"menu-1-4d46dee3\" class=\"elementor-nav-menu sm-vertical\"><li class=\"menu-item menu-item-type-post_type menu-item-object-page menu-item-692\"><a href=\"https:\/\/agzcoaching.fr\/leshalles\/conditions-generales-dutilisation\/\" class=\"elementor-item\">Conditions g\u00e9n\u00e9rales d&rsquo;utilisation<\/a><\/li>\n<li class=\"menu-item menu-item-type-post_type menu-item-object-page menu-item-553\"><a href=\"https:\/\/agzcoaching.fr\/leshalles\/conditions-generales\/\" class=\"elementor-item\">Conditions g\u00e9n\u00e9rales<\/a><\/li>\n<li class=\"menu-item menu-item-type-post_type menu-item-object-page menu-item-privacy-policy menu-item-548\"><a rel=\"privacy-policy\" href=\"https:\/\/agzcoaching.fr\/leshalles\/declaration-de-confidentialite-ue\/\" class=\"elementor-item\">D\u00e9claration de confidentialit\u00e9 (UE)<\/a><\/li>\n<li class=\"menu-item menu-item-type-post_type menu-item-object-page menu-item-547\"><a href=\"https:\/\/agzcoaching.fr\/leshalles\/politique-de-cookies-ue\/\" class=\"elementor-item\">Politique de cookies (UE)<\/a><\/li>\n<li class=\"menu-item menu-item-type-post_type menu-item-object-page menu-item-550\"><a href=\"https:\/\/agzcoaching.fr\/leshalles\/avertissement\/\" class=\"elementor-item\">Avertissement<\/a><\/li>\n<li class=\"menu-item menu-item-type-post_type menu-item-object-page menu-item-549\"><a href=\"https:\/\/agzcoaching.fr\/leshalles\/mentions-legales\/\" class=\"elementor-item\">Mentions l\u00e9gales<\/a><\/li>\n<\/ul>\t\t\t<\/nav>\n\t\t\t\t\t\t<nav class=\"elementor-nav-menu--dropdown elementor-nav-menu__container\" aria-hidden=\"true\">\n\t\t\t\t<ul id=\"menu-2-4d46dee3\" class=\"elementor-nav-menu sm-vertical\"><li class=\"menu-item menu-item-type-post_type menu-item-object-page menu-item-692\"><a href=\"https:\/\/agzcoaching.fr\/leshalles\/conditions-generales-dutilisation\/\" class=\"elementor-item\" tabindex=\"-1\">Conditions g\u00e9n\u00e9rales d&rsquo;utilisation<\/a><\/li>\n<li class=\"menu-item menu-item-type-post_type menu-item-object-page menu-item-553\"><a href=\"https:\/\/agzcoaching.fr\/leshalles\/conditions-generales\/\" class=\"elementor-item\" tabindex=\"-1\">Conditions g\u00e9n\u00e9rales<\/a><\/li>\n<li class=\"menu-item menu-item-type-post_type menu-item-object-page menu-item-privacy-policy menu-item-548\"><a rel=\"privacy-policy\" href=\"https:\/\/agzcoaching.fr\/leshalles\/declaration-de-confidentialite-ue\/\" class=\"elementor-item\" tabindex=\"-1\">D\u00e9claration de confidentialit\u00e9 (UE)<\/a><\/li>\n<li class=\"menu-item menu-item-type-post_type menu-item-object-page menu-item-547\"><a href=\"https:\/\/agzcoaching.fr\/leshalles\/politique-de-cookies-ue\/\" class=\"elementor-item\" tabindex=\"-1\">Politique de cookies (UE)<\/a><\/li>\n<li class=\"menu-item menu-item-type-post_type menu-item-object-page menu-item-550\"><a href=\"https:\/\/agzcoaching.fr\/leshalles\/avertissement\/\" class=\"elementor-item\" tabindex=\"-1\">Avertissement<\/a><\/li>\n<li class=\"menu-item menu-item-type-post_type menu-item-object-page menu-item-549\"><a href=\"https:\/\/agzcoaching.fr\/leshalles\/mentions-legales\/\" class=\"elementor-item\" tabindex=\"-1\">Mentions l\u00e9gales<\/a><\/li>\n<\/ul>\t\t\t<\/nav>\n\t\t\t\t\t\t<\/div>\n\t\t\t\t<\/div>\n\t\t<div class=\"elementor-element elementor-element-5accd508 e-con-full e-flex e-con e-child\" data-id=\"5accd508\" data-element_type=\"container\" data-e-type=\"container\" data-settings=\"{&quot;ekit_has_onepagescroll_dot&quot;:&quot;yes&quot;}\">\n\t\t\t\t<div class=\"elementor-element elementor-element-22d9dbdc elementor-widget elementor-widget-text-editor\" data-id=\"22d9dbdc\" data-element_type=\"widget\" data-e-type=\"widget\" data-settings=\"{&quot;ekit_we_effect_on&quot;:&quot;none&quot;}\" data-widget_type=\"text-editor.default\">\n\t\t\t\t\t\t\t\t\t<p>avertissement\n<!-- Legal document generated by Complianz | GDPR\/CCPA Cookie Consent https:\/\/wordpress.org\/plugins\/complianz-gdpr -->\n<div id=\"cmplz-document\" class=\"cmplz-document disclaimer cmplz-document-all\"><p>AGZ Coaching s\u2019engage \u00e0 maintenir ce site web \u00e0 jour en temps et en heure. Si toutefois vous rencontriez un probl\u00e8me ou des donn\u00e9es obsol\u00e8te, nous vous serions reconnaissants de nous le faire savoir. Veuillez indiquer o\u00f9 sur le site web vous lisez les informations incorrectes. Nous examinerons cela d\u00e8s que possible. Veuillez envoyer votre r\u00e9ponse par e-mail \u00e0: <span class=\"cmplz-obfuscate\">&#099;o&#110;ta&#099;&#116;@<span class=\"cmplz-fmail-domain\">ex&#046;c&#111;&#109;<\/span>a&#103;&#122;&#099;&#111;achin&#103;.&#102;&#114;<\/span>.<\/p><p>Nous ne sommes pas responsables des pertes r\u00e9sultant d\u2019inexactitudes ou de lacunes, ni des pertes r\u00e9sultant de probl\u00e8mes caus\u00e9s par ou inh\u00e9rents \u00e0 la diffusion d\u2019informations par Internet, tels que des perturbations ou des interruptions. Lors de l\u2019utilisation de formulaires Web, nous nous effor\u00e7ons de limiter le nombre de champs obligatoires au minimum. Pour toute perte subie \u00e0 la suite de l\u2019utilisation de donn\u00e9es, de conseils ou d\u2019id\u00e9es fournis par ou au nom de AGZ Coaching via ce site web, AGZ Coaching n\u2019assume aucune responsabilit\u00e9.<\/p><p>L\u2019utilisation du site web et de tous ses composants (y compris les forums) est soumise aux <a href=\"https:\/\/agzcoaching.fr\/leshalles\/conditions-generales\/\" target=\"_blank\">conditions d\u2019utilisation<\/a>. La simple utilisation de ce site Web implique la connaissance et l\u2019acceptation des pr\u00e9sentes conditions d\u2019utilisation.<\/p><p>Les r\u00e9ponses et les demandes de renseignements personnelles soumises par e-mail ou \u00e0 l\u2019aide d\u2019un formulaire web seront trait\u00e9es de la m\u00eame mani\u00e8re que les lettres. Cela signifie que vous pouvez attendre une r\u00e9ponse de notre part dans un d\u00e9lai d\u2019un mois au plus tard. En cas de demandes complexes, nous vous informerons dans un d\u00e9lai d\u2019un mois si nous avons besoin d\u2019un d\u00e9lai maximum de 3 mois.<\/p><p>Toutes les donn\u00e9es personnelles que vous nous fournissez dans le cadre de votre r\u00e9ponse ou de votre demande d\u2019informations ne seront utilis\u00e9es que conform\u00e9ment \u00e0 notre d\u00e9claration de confidentialit\u00e9.<\/p><p>AGZ Coaching doit faire tous les efforts possibles pour prot\u00e9ger ses syst\u00e8mes contre toute forme d\u2019utilisation illicite. AGZ Coaching doit mettre en \u0153uvre les mesures techniques et organisationnelles appropri\u00e9es \u00e0 cette fin, en tenant compte, entre autres, de l\u2019\u00e9tat de l\u2019art. Toutefois, il ne saurait \u00eatre tenu pour responsable de quelque pr\u00e9judice que ce soit, direct et\/ou indirect, subi par un utilisateur du site web, r\u00e9sultant de l\u2019utilisation ill\u00e9gale de ses syst\u00e8mes par une tierce partie.<\/p><p>Tous les droits de propri\u00e9t\u00e9 intellectuelle sur le contenu de ce site web sont la propri\u00e9t\u00e9 de AGZ Coaching.<\/p><p>La copie, la diffusion et toute autre utilisation de ces documents sont interdites sans l\u2019autorisation \u00e9crite de AGZ Coaching , sauf si et dans la mesure o\u00f9 le stipule une r\u00e9glementation imp\u00e9rative (telle que le droit de citer), sauf indication contraire du contenu.<\/p><p>Si vous avez des questions ou des probl\u00e8mes d\u2019accessibilit\u00e9 du site, n\u2019h\u00e9sitez pas \u00e0 nous contacter.<\/p><\/div><\/p>\t\t\t\t\t\t\t\t<\/div>\n\t\t\t\t<\/div>\n\t\t\t\t\t<\/div>\n\t\t\t\t<\/div>\n\t\t\t\t\t<\/div>\n\t\t\t\t<\/div>\n\t\t<div class=\"elementor-element elementor-element-750013fd e-flex e-con-boxed e-con e-parent\" data-id=\"750013fd\" data-element_type=\"container\" data-e-type=\"container\" data-settings=\"{&quot;ekit_has_onepagescroll_dot&quot;:&quot;yes&quot;}\">\n\t\t\t\t\t<div class=\"e-con-inner\">\n\t\t\t\t<div class=\"elementor-element elementor-element-512679cd elementor-widget elementor-widget-text-editor\" data-id=\"512679cd\" data-element_type=\"widget\" data-e-type=\"widget\" data-settings=\"{&quot;ekit_we_effect_on&quot;:&quot;none&quot;}\" data-widget_type=\"text-editor.default\">\n\t\t\t\t\t\t\t\t\t<p>Pour toute question relative \u00e0 l&rsquo;application de cet avertissement, veuillez consulter notre page de <a href=\"https:\/\/agzcoaching.fr\/contact\/\"><b>Contact<\/b><\/a> pour nous joindre directement.<\/p>\t\t\t\t\t\t\t\t<\/div>\n\t\t\t\t\t<\/div>\n\t\t\t\t<\/div>\n\t\t<div class=\"elementor-element elementor-element-2a7d1656 e-flex e-con-boxed e-con e-parent\" data-id=\"2a7d1656\" data-element_type=\"container\" data-e-type=\"container\" data-settings=\"{&quot;ekit_has_onepagescroll_dot&quot;:&quot;yes&quot;}\">\n\t\t\t\t\t<div class=\"e-con-inner\">\n\t\t\t\t\t<\/div>\n\t\t\t\t<\/div>\n\t\t\t\t<\/div>\n\t\t","protected":false},"excerpt":{"rendered":"<p>Accueil Avertissement limites de responsabilit\u00e9 Nous avons tous le droit \u00e0 une compr\u00e9hension claire Chez AGZ Coaching, je valorise la clart\u00e9 et la compr\u00e9hension mutuelle.&hellip;<\/p>\n","protected":false},"author":1,"featured_media":568,"parent":0,"menu_order":0,"comment_status":"closed","ping_status":"closed","template":"","meta":{"_acf_changed":false,"footnotes":""},"class_list":["post-546","page","type-page","status-publish","has-post-thumbnail","hentry"],"acf":[],"_links":{"self":[{"href":"https:\/\/agzcoaching.fr\/leshalles\/wp-json\/wp\/v2\/pages\/546","targetHints":{"allow":["GET"]}}],"collection":[{"href":"https:\/\/agzcoaching.fr\/leshalles\/wp-json\/wp\/v2\/pages"}],"about":[{"href":"https:\/\/agzcoaching.fr\/leshalles\/wp-json\/wp\/v2\/types\/page"}],"author":[{"embeddable":true,"href":"https:\/\/agzcoaching.fr\/leshalles\/wp-json\/wp\/v2\/users\/1"}],"replies":[{"embeddable":true,"href":"https:\/\/agzcoaching.fr\/leshalles\/wp-json\/wp\/v2\/comments?post=546"}],"version-history":[{"count":0,"href":"https:\/\/agzcoaching.fr\/leshalles\/wp-json\/wp\/v2\/pages\/546\/revisions"}],"wp:featuredmedia":[{"embeddable":true,"href":"https:\/\/agzcoaching.fr\/leshalles\/wp-json\/wp\/v2\/media\/568"}],"wp:attachment":[{"href":"https:\/\/agzcoaching.fr\/leshalles\/wp-json\/wp\/v2\/media?parent=546"}],"curies":[{"name":"wp","href":"https:\/\/api.w.org\/{rel}","templated":true}]}}