{"id":247,"date":"2026-03-20T13:44:43","date_gmt":"2026-03-20T12:44:43","guid":{"rendered":"https:\/\/agzcoaching.fr\/leshalles\/?post_type=product&#038;p=247"},"modified":"2026-03-23T17:53:54","modified_gmt":"2026-03-23T16:53:54","slug":"abo-lfc-acces-libre","status":"publish","type":"product","link":"https:\/\/agzcoaching.fr\/leshalles\/produit\/abo-lfc-acces-libre\/","title":{"rendered":"Abonnement \u00e0 la Fabrick du Comportement &#8211; Acc\u00e8s Libre"},"content":{"rendered":"","protected":false},"excerpt":{"rendered":"<p>Accessible \u00e0 toute personne d\u00e9sireuse de d\u00e9brancher le pilote automatique, la\u00a0<strong>formule Acc\u00e8s Libre est gratuite<\/strong>\u00a0(et le restera) vous permet de rejoindre<strong>\u00a0La Fabrick du Comportement<\/strong>, de cr\u00e9er votre espace membre et d\u2019avoir acc\u00e8s \u00e0 tout le contenu gratuit du site sous la rubrique \u00ab Acc\u00e8s Libre \u00bb.<\/p>\n<p>Cette formule vous donne acc\u00e8s en plus\u00a0<strong>des ateliers gratuits, \u00e0 une s\u00e9lection de ressources (fiches pratiques, exercices, tests et \u00e9valuations, etc\u2026)<\/strong>\u00a0pour commencer \u00e0 travailler sur vos sch\u00e9mas comportementaux. Elle n\u2019est qu\u2019un aper\u00e7u de ce que La Fabrick du Comportement peut faire pour vous aider, son objectif est de\u00a0<strong>vous familiariser avec l\u2019approche<\/strong>, d\u2019avoir l\u2019occasion de faire vos premiers pas avec\u00a0<strong>le coaching comportemental<\/strong>, c\u2019est le debut d\u2019un voyage.<\/p>\n","protected":false},"featured_media":356,"comment_status":"open","ping_status":"closed","template":"","meta":{"_acf_changed":false},"product_brand":[],"product_cat":[50,51],"product_tag":[52],"class_list":{"0":"post-247","1":"product","2":"type-product","3":"status-publish","4":"has-post-thumbnail","6":"product_cat-abonnements","7":"product_cat-la-fabrick-du-comportement","8":"product_tag-abonnement","10":"first","11":"instock","12":"featured","13":"virtual","14":"purchasable","15":"product-type-subscription"},"acf":[],"_links":{"self":[{"href":"https:\/\/agzcoaching.fr\/leshalles\/wp-json\/wp\/v2\/product\/247","targetHints":{"allow":["GET"]}}],"collection":[{"href":"https:\/\/agzcoaching.fr\/leshalles\/wp-json\/wp\/v2\/product"}],"about":[{"href":"https:\/\/agzcoaching.fr\/leshalles\/wp-json\/wp\/v2\/types\/product"}],"replies":[{"embeddable":true,"href":"https:\/\/agzcoaching.fr\/leshalles\/wp-json\/wp\/v2\/comments?post=247"}],"version-history":[{"count":0,"href":"https:\/\/agzcoaching.fr\/leshalles\/wp-json\/wp\/v2\/product\/247\/revisions"}],"wp:featuredmedia":[{"embeddable":true,"href":"https:\/\/agzcoaching.fr\/leshalles\/wp-json\/wp\/v2\/media\/356"}],"wp:attachment":[{"href":"https:\/\/agzcoaching.fr\/leshalles\/wp-json\/wp\/v2\/media?parent=247"}],"wp:term":[{"taxonomy":"product_brand","embeddable":true,"href":"https:\/\/agzcoaching.fr\/leshalles\/wp-json\/wp\/v2\/product_brand?post=247"},{"taxonomy":"product_cat","embeddable":true,"href":"https:\/\/agzcoaching.fr\/leshalles\/wp-json\/wp\/v2\/product_cat?post=247"},{"taxonomy":"product_tag","embeddable":true,"href":"https:\/\/agzcoaching.fr\/leshalles\/wp-json\/wp\/v2\/product_tag?post=247"}],"curies":[{"name":"wp","href":"https:\/\/api.w.org\/{rel}","templated":true}]}}