{"id":303,"date":"2026-03-23T09:56:57","date_gmt":"2026-03-23T08:56:57","guid":{"rendered":"https:\/\/agzcoaching.fr\/leshalles\/?post_type=product&#038;p=303"},"modified":"2026-03-23T18:30:03","modified_gmt":"2026-03-23T17:30:03","slug":"abonnement-a-la-fabrick-du-comportement-pionnier","status":"publish","type":"product","link":"https:\/\/agzcoaching.fr\/leshalles\/produit\/abonnement-a-la-fabrick-du-comportement-pionnier\/","title":{"rendered":"Abonnement \u00e0 la Fabrick du Comportement &#8211; Pionnier"},"content":{"rendered":"","protected":false},"excerpt":{"rendered":"<p style=\"text-align: justify;\">Choisir de devenir <strong>Pionnier<\/strong>, c&rsquo;est choisir de rejoindre <strong>La Fabrick du Comportement<\/strong> \u00e0 sa naissance, avant tout le monde et profiter d&rsquo;un tarif exceptionnel annuel et unique de <strong>399\u20ac<\/strong> (garanti \u00e0 vie, sans hausse) au lieu de <strong>599\u20ac<\/strong> .<\/p>\n<p style=\"text-align: justify;\">Devenir Pionnier c&rsquo;est acc\u00e9der en avant-premi\u00e8re et imm\u00e9diatement \u00e0<strong> l&rsquo;ensemble des ateliers Premium<\/strong> et \u00e0 <strong>toutes les ressources Premium<\/strong> (fiches pratiques, exercices, tests et \u00e9valuations, etc&#8230;) en illimit\u00e9 pendant toute la dur\u00e9e de votre adh\u00e9sion. C&rsquo;est l&rsquo;occasion de transformer votre singularit\u00e9 en force avec un accompagnement humain, structur\u00e9 et rassurant pour b\u00e2tir un syst\u00e8me de fonctionnement qui correspond \u00e0 vos valeurs et vos besoins, et aussi de participer \u00e0 l&rsquo;\u00e9volution de <strong>La Fabrick du Comportement<\/strong>, tout en b\u00e9n\u00e9ficiant d&rsquo;<strong>un prix gel\u00e9<\/strong> pour la dur\u00e9e de votre engagement.<\/p>\n","protected":false},"featured_media":366,"comment_status":"open","ping_status":"closed","template":"","meta":{"_acf_changed":false},"product_brand":[],"product_cat":[50,51],"product_tag":[52],"class_list":{"0":"post-303","1":"product","2":"type-product","3":"status-publish","4":"has-post-thumbnail","6":"product_cat-abonnements","7":"product_cat-la-fabrick-du-comportement","8":"product_tag-abonnement","10":"first","11":"instock","12":"sold-individually","13":"shipping-taxable","14":"purchasable","15":"product-type-variable-subscription","16":"has-default-attributes"},"acf":[],"_links":{"self":[{"href":"https:\/\/agzcoaching.fr\/leshalles\/wp-json\/wp\/v2\/product\/303","targetHints":{"allow":["GET"]}}],"collection":[{"href":"https:\/\/agzcoaching.fr\/leshalles\/wp-json\/wp\/v2\/product"}],"about":[{"href":"https:\/\/agzcoaching.fr\/leshalles\/wp-json\/wp\/v2\/types\/product"}],"replies":[{"embeddable":true,"href":"https:\/\/agzcoaching.fr\/leshalles\/wp-json\/wp\/v2\/comments?post=303"}],"version-history":[{"count":0,"href":"https:\/\/agzcoaching.fr\/leshalles\/wp-json\/wp\/v2\/product\/303\/revisions"}],"wp:featuredmedia":[{"embeddable":true,"href":"https:\/\/agzcoaching.fr\/leshalles\/wp-json\/wp\/v2\/media\/366"}],"wp:attachment":[{"href":"https:\/\/agzcoaching.fr\/leshalles\/wp-json\/wp\/v2\/media?parent=303"}],"wp:term":[{"taxonomy":"product_brand","embeddable":true,"href":"https:\/\/agzcoaching.fr\/leshalles\/wp-json\/wp\/v2\/product_brand?post=303"},{"taxonomy":"product_cat","embeddable":true,"href":"https:\/\/agzcoaching.fr\/leshalles\/wp-json\/wp\/v2\/product_cat?post=303"},{"taxonomy":"product_tag","embeddable":true,"href":"https:\/\/agzcoaching.fr\/leshalles\/wp-json\/wp\/v2\/product_tag?post=303"}],"curies":[{"name":"wp","href":"https:\/\/api.w.org\/{rel}","templated":true}]}}